{"id":58,"date":"2007-06-24T07:58:24","date_gmt":"2007-06-24T07:58:24","guid":{"rendered":"https:\/\/chato.cl\/science\/vitae\/"},"modified":"2026-04-07T15:19:18","modified_gmt":"2026-04-07T13:19:18","slug":"vitae","status":"publish","type":"page","link":"https:\/\/chato.cl\/science\/vitae\/","title":{"rendered":"Vitae"},"content":{"rendered":"\n<div class=\"wp-block-columns is-layout-flex wp-container-core-columns-is-layout-28f84493 wp-block-columns-is-layout-flex\">\n<div class=\"wp-block-column is-layout-flow wp-block-column-is-layout-flow\" style=\"flex-basis:100%\">\n<p class=\"\">You may want to check my research on <a href=\"https:\/\/chato.cl\/science\/algorithmic_fairness\/\">algorithmic fairness<\/a> and <a href=\"https:\/\/chato.cl\/science\/humanitarian_computing\/\">crisis informatics<\/a>.<\/p>\n\n\n\n<ul class=\"wp-block-list\">\n<li class=\"\"><strong><a class=\"paper\" href=\"https:\/\/chato.cl\/papers\/carlos_castillo_cv.pdf\">Vitae: Carlos Castillo<\/a>, updated December 2024.<\/strong><\/li>\n<\/ul>\n\n\n\n<h2 class=\"wp-block-heading\">Bio (in 3rd person, feel free to copy-paste)<\/h2>\n\n\n\n<p class=\"\"><em>Very short version<\/em><\/p>\n\n\n\n<p class=\"\"><a href=\"https:\/\/chato.cl\/\">Carlos Castillo<\/a> (they\/them) is an ICREA Research Professor at Universitat Pompeu Fabra in Barcelona, where they lead the Social and Responsible Computing research group. Their background is information retrieval, and currently they focus on algorithmic fairness and crisis informatics.<br><small>Mastodon: <a href=\"https:\/\/tech.lgbt\/@chato\">@chato@tech.lgbt<\/a> \/ Twitter: <a href=\"https:\/\/twitter.com\/chatox\">@ChaToX<\/a> \/ Website: <a href=\"https:\/\/chato.cl\/\">www.chato.cl<\/a><\/small><\/p>\n\n\n\n<hr class=\"wp-block-separator has-alpha-channel-opacity\"\/>\n\n\n\n<p class=\"\"><em>Short version<\/em><\/p>\n\n\n\n<p class=\"\"><a href=\"https:\/\/chato.cl\/\">Carlos Castillo<\/a> (they\/them) is an ICREA Research Professor at Universitat Pompeu Fabra in Barcelona, where they lead the Social and Responsible Computing research group. They are a web miner with a background in information retrieval and have been influential in the areas of crisis informatics, web content quality and credibility, and adversarial web search. They are a prolific, highly cited researcher who has co-authored over 120 publications in top-tier international conferences and journals, receiving two test-of-time awards, five best paper awards, and two best student paper awards. Their works include a book on Big Crisis Data, as well as monographs on Information and Influence Propagation, and Adversarial Web Search.<br><small>Mastodon: <a href=\"https:\/\/tech.lgbt\/@chato\">@chato@tech.lgbt<\/a> \/ Twitter: <a href=\"https:\/\/twitter.com\/chatox\">@ChaToX<\/a> \/ Website: <a href=\"https:\/\/chato.cl\/\">www.chato.cl<\/a><\/small><\/p>\n\n\n\n<hr class=\"wp-block-separator has-alpha-channel-opacity\"\/>\n\n\n\n<p class=\"\"><em>Long version<\/em><\/p>\n\n\n\n<figure class=\"wp-block-image alignright size-full is-resized\"><a href=\"https:\/\/chato.cl\/science\/wp-content\/uploads\/2025\/03\/2025-chato-icrea-900x600-1.jpg\"><img loading=\"lazy\" decoding=\"async\" width=\"900\" height=\"600\" src=\"https:\/\/chato.cl\/science\/wp-content\/uploads\/2025\/03\/2025-chato-icrea-900x600-1.jpg\" alt=\"\" class=\"wp-image-420\" style=\"width:335px;height:auto\" srcset=\"https:\/\/chato.cl\/science\/wp-content\/uploads\/2025\/03\/2025-chato-icrea-900x600-1.jpg 900w, https:\/\/chato.cl\/science\/wp-content\/uploads\/2025\/03\/2025-chato-icrea-900x600-1-300x200.jpg 300w, https:\/\/chato.cl\/science\/wp-content\/uploads\/2025\/03\/2025-chato-icrea-900x600-1-768x512.jpg 768w\" sizes=\"auto, (max-width: 900px) 100vw, 900px\" \/><\/a><\/figure>\n\n\n\n<p class=\"\"><a href=\"https:\/\/chato.cl\/\">Carlos Castillo<\/a> (they\/them) is an ICREA Research Professor at Universitat Pompeu Fabra in Barcelona, where they lead the Social and Responsible Computing research group. They are a web miner with a background in information retrieval and have been influential in the areas of crisis informatics, web content quality and credibility, and adversarial web search. They are a prolific, highly cited researcher who have co-authored over 120 publications in top-tier international conferences and journals, receiving two test-of-time awards, five best paper awards, and two best student paper awards. Their works include a book on Big Crisis Data, as well as monographs on Information and Influence Propagation, and Adversarial Web Search.<\/p>\n\n\n\n<p class=\"\">Carlos received their Ph.D from the University of Chile (2004), and was a visiting scientist at Universitat Pompeu Fabra (2005) and Sapienza Universit\u00e1 di Roma (2006) before working as a scientist and senior scientist at Yahoo! Research (2006-2012), as a senior scientist and principal scientist at Qatar Computing Research Institute (2012-2015), and as director of research for data science at Eurecat (2016-2017).<\/p>\n\n\n\n<p class=\"\">They have served in the Program Committee (PC) or Senior PC (SPC) of all major conferences in their area (WWW, WSDM, SIGIR, KDD, CIKM, etc.), and participate in the editorial committee of ACM Transactions on the Web. They were part of the Executive Committee of FAccT until 2023, General Co-Chair of ACM FAT*2020, ACM Digital Health 2016-2018 and Program Committee Co-Chair of TheWebConf 2023 and WSDM 2014; co-organized the Adversarial Information Retrieval Workshop and Web Spam Challenge in 2007 and 2008, the ECML\/PKDD Discovery Challenge in 2010 and 2014, the Web Quality Workshop from 2011 to 2014, and the Social Web for Disaster Management Workshop in 2015, 2016, and 2018. They are an ACM Distinguished Member and an IEEE Senior Member.<\/p>\n\n\n\n<p class=\"\">Mastodon: <a href=\"https:\/\/tech.lgbt\/@chato\">@chato@tech.lgbt<\/a> \/ Twitter: <a href=\"https:\/\/twitter.com\/chatox\">@ChaToX<\/a> \/ Website: <a href=\"https:\/\/chato.cl\/\">www.chato.cl<\/a><\/p>\n\n\n\n<hr class=\"wp-block-separator has-alpha-channel-opacity\"\/>\n\n\n\n<h2 class=\"wp-block-heading\">Past and Present Affiliations<\/h2>\n\n\n\n<ul class=\"wp-block-list\">\n<li class=\"\"><a href=\"https:\/\/icrea.cat\/\">ICREA &#8211; Instituci\u00f3 Catalana de Recerca i Estudis Avan\u00e7ats<\/a><\/li>\n\n\n\n<li class=\"\"><a href=\"https:\/\/www.upf.edu\/\">UPF &#8211; Universitat Pompeu Fabra<\/a> \u00b7 <a href=\"https:\/\/www.upf.edu\/web\/wssc\/\">Web Science and Social Computing<\/a><\/li>\n\n\n\n<li class=\"\"><a href=\"http:\/\/eurecat.org\/\">Eurecat Centre Tecnol\u00f2gic de Catalunya<\/a> \u00b7 <a href=\"http:\/\/eurecat.org\/en\/field-of-knowledge\/\">Data Science<\/a><\/li>\n\n\n\n<li class=\"\"><a href=\"http:\/\/www.qcri.qa\/\">QCRI &#8211; Qatar Computing Research Institute<\/a> \u00b7 <a href=\"http:\/\/www.qcri.qa\/our-research\/social-computing\">Social Computing<\/a><\/li>\n\n\n\n<li class=\"\"><a href=\"http:\/\/research.yahoo.com\/\">Yahoo! Research<\/a> \u00b7 <a href=\"http:\/\/labs.yahoo.com\/Yahoo_Labs_Barcelona\">Web Mining<\/a><\/li>\n\n\n\n<li class=\"\"><a href=\"http:\/\/www.barcelonamedia.org\/\">Fundaci\u00f3 Barcelona Media<\/a><\/li>\n\n\n\n<li class=\"\"><a href=\"http:\/\/www.dis.uniroma1.it\/\">Universit\u00e0 di Roma &#8220;La Sapienza&#8221;<\/a><\/li>\n\n\n\n<li class=\"\"><a href=\"https:\/\/dcc.uchile.cl\/\">Universidad de Chile<\/a><\/li>\n<\/ul>\n\n\n\n<h2 class=\"wp-block-heading\">Graduates<\/h2>\n\n\n\n<p class=\"\">PhD and MSc students advised or co-advised. Most recent graduate first.<\/p>\n\n\n\n<h3 class=\"wp-block-heading\">PhD graduates<\/h3>\n\n\n\n<ul class=\"wp-block-list\">\n<li class=\"\">Dr. Marina Est\u00e9vez-Almenzar (PhD 2025 UPF \u2014 Advisors R. Baeza-Yates and C. Castillo)<br>&#8220;<a href=\"https:\/\/hdl.handle.net\/10803\/696378\">Human Reliance on Decision Support Systems in High-Risk Scenarios<\/a>&#8220;<\/li>\n\n\n\n<li class=\"\">Dr. Karma Peir\u00f3 (PhD 2025 UPF \u2014 Advisors R. Rodriguez and C. Castillo)<br>&#8220;<a href=\"https:\/\/hdl.handle.net\/10803\/696631\">An\u00e0lisi d\u2019investigacions period\u00edstiques de vigil\u00e0ncia algor\u00edsmica. Motivacions, reptes i impacte social<\/a>&#8220;<\/li>\n\n\n\n<li class=\"\">Dr. Francielle Marques (PhD 2025 UPF \u2014 Advisors D. Hernandez-Leo and C. Castillo)<br>&#8220;<a href=\"http:\/\/hdl.handle.net\/10803\/695429\">Towards Responsible Higher Education Institutional Analytics: A Study of Biases and Dependencies on Student Satisfaction<\/a>&#8220;<\/li>\n\n\n\n<li class=\"\">Dr. Fedor Vitiugin (PhD 2023 UPF \u2014 Advisor C. Castillo)<br>&#8220;<a href=\"http:\/\/hdl.handle.net\/10803\/689218\">Multilingual retrieval of crisis-relevant information from social media<\/a>&#8220;<\/li>\n\n\n\n<li class=\"\">Dr. Marzieh Karimi-Haghighi (PhD 2023 UPF \u2014 Advisor C. Castillo)<br>&#8220;<a href=\"http:\/\/hdl.handle.net\/10803\/687573\">Risk Assessment in Complex Data Settings: Algorithmic Fairness and Causal Inference<\/a>&#8220;<\/li>\n\n\n\n<li class=\"\">Dr. Lorenzo Porcaro (PhD 2022 UPF \u2014 Advisors E. Gomez and C. Castillo)<br>&#8220;<a href=\"http:\/\/hdl.handle.net\/10803\/687589\">Assessing the Impact of Music Recommendation Diversity on Listeners<\/a>&#8220;<\/li>\n\n\n\n<li class=\"\">Dr. Francesco Fabbri (PhD 2022 UPF \u2014 Advisors F. Bonchi and C. Castillo)<br>&#8220;<a href=\"http:\/\/hdl.handle.net\/10803\/675938\">Algorithmic Bias in Graph-Based Recommender Systems<\/a>&#8220;<\/li>\n\n\n\n<li class=\"\">Dr. David Solans (PhD 2022 UPF \u2014 Advisors C. Castillo and C. Calsamiglia)<br>&#8220;<a href=\"http:\/\/hdl.handle.net\/10803\/675391\">Algorithmic Fairness in Practice: Data, Models and Interaction<\/a>&#8220;<\/li>\n\n\n\n<li class=\"\">Dr. Valerio Lorini (PhD 2022 UPF \u2014 Advisor C. Castillo)<br>&#8220;<a href=\"http:\/\/hdl.handle.net\/10803\/675030\">Social Media Analysis for Situational Awareness and Impact Assessment in Flood Risk Management<\/a>&#8220;<\/li>\n\n\n\n<li class=\"\">Dr. Panayiotis Smeros, (PhD 2022 EPFL \u2014 Advisors Karl Aberer and C. Castillo)<br>&#8220;<a href=\"https:\/\/doi.org\/10.5075\/epfl-thesis-8256\">Combating Online Scientific Misinformation<\/a>&#8220;<\/li>\n\n\n\n<li class=\"\">Dr. Meike Zehlike (PhD 2022 HU Berlin \u2014 Advisors Ulf Lesser and C. Castillo)<br>&#8220;<a href=\"https:\/\/doi.org\/10.18452\/24310\">Fairness in Rankings<\/a>&#8220;<\/li>\n<\/ul>\n\n\n\n<h3 class=\"wp-block-heading\">MSc graduates<\/h3>\n\n\n\n<ul class=\"wp-block-list\">\n<li class=\"\">Ashwin Singh (MSc 2025), UPF<\/li>\n\n\n\n<li class=\"\">Matteo Giorgi (MSc 2025), UPF<\/li>\n\n\n\n<li class=\"\">Pau Buyreu (MSc 2025), UPF<\/li>\n\n\n\n<li class=\"\">Clothilde Breger (MSc 2020 \u2014 Advisors David Solans and C. Castillo), UPF<\/li>\n\n\n\n<li class=\"\">Aideen Farrell (MSc 2020), UPF<\/li>\n\n\n\n<li class=\"\">Sara Galindo (MSc 2019), UPF<\/li>\n<\/ul>\n\n\n\n<h2 class=\"wp-block-heading\">Former Interns<\/h2>\n\n\n\n<p class=\"\">I&#8217;m proud to have mentored students during short stays or internships:<\/p>\n\n\n\n<ul class=\"wp-block-list\">\n<li class=\"\">Maddalena Amendola, then at Univ. Pisa, Italy<\/li>\n\n\n\n<li class=\"\">Ludovico Boratto, then at Univ. Cagliari, Italy<\/li>\n\n\n\n<li class=\"\">Alessio Cascione, then at Univ Pisa, Italy<\/li>\n\n\n\n<li class=\"\">Soudip Chowdhoury, then at Univ. Trento, Italy<\/li>\n\n\n\n<li class=\"\">Claudio Corsi, then at Univ. Pisa, Italy<\/li>\n\n\n\n<li class=\"\">Aditi Gupta, then at IIITD, India<\/li>\n\n\n\n<li class=\"\">Dino Ienco, then at Univ. Torino, Italy<\/li>\n\n\n\n<li class=\"\">Muhammad Imran, then at Univ. Trento, Italy<\/li>\n\n\n\n<li class=\"\">Janette Lehman, then at Univ. Pompeu Fabra, Catalonia-Spain [<a href=\"https:\/\/www.youtube.com\/watch?v=ChHJvno-6DY\">testimonial<\/a>]<\/li>\n\n\n\n<li class=\"\">Arpit Merchant, then at Univ. Helsinki, Finland<\/li>\n\n\n\n<li class=\"\">Michael Mathioudakis, then at Toronto Univ., Canada<\/li>\n\n\n\n<li class=\"\">Virginia Morini, then at Univ. Pisa, Italy<\/li>\n\n\n\n<li class=\"\">Alexandra Olteanu, then at EPFL, Switzerland<\/li>\n\n\n\n<li class=\"\">Michalis Potamias, then at Boston Univ., USA<\/li>\n\n\n\n<li class=\"\">Hemant Purohit, then at Kno.e.sis, USA<\/li>\n\n\n\n<li class=\"\">Jacob Ratkiewicz, then at Indiana Univ., USA<\/li>\n\n\n\n<li class=\"\">Jakob Rogstadious, then at Univ. Madeira, Portugal<\/li>\n\n\n\n<li class=\"\">Eduardo J. Ruiz, then at Univ. of California Riverside, USA<\/li>\n\n\n\n<li class=\"\">Diego S\u00e1ez Trumper, then at Univ. Pompeu Fabra, Catalonia-Spain<\/li>\n\n\n\n<li class=\"\">Ilija Subasic, then at Katholieke Universiteit Leuven, Belgium<\/li>\n\n\n\n<li class=\"\">Robert West, then at Stanford, USA<\/li>\n<\/ul>\n\n\n\n<h2 class=\"wp-block-heading\">More Collaborators<\/h2>\n\n\n\n<p class=\"\">I&#8217;ve been fortunate to co-author with great colleagues including:<\/p>\n\n\n\n<ul class=\"wp-block-list\">\n<li class=\"\"><a href=\"http:\/\/www.cs.berkeley.edu\/~jake\/\">Jacob Abernethy<\/a><\/li>\n\n\n\n<li class=\"\"><a href=\"http:\/\/www.mathcs.emory.edu\/~eugene\/\">Eugene Agichtein<\/a><\/li>\n\n\n\n<li class=\"\"><a href=\"https:\/\/www.linkedin.com\/in\/priscila-alvarez-cueva-6a00519a\" data-type=\"link\" data-id=\"https:\/\/www.linkedin.com\/in\/priscila-alvarez-cueva-6a00519a\">Priscila Alvarez-Cuevas<\/a><\/li>\n\n\n\n<li class=\"\"><a href=\"http:\/\/aris.me\/\">Aristides Anagnostopoulos<\/a><\/li>\n\n\n\n<li class=\"\"><a href=\"http:\/\/www.baeza.cl\/\">Ricardo Baeza-Yates<\/a><\/li>\n\n\n\n<li class=\"\"><a href=\"http:\/\/www.dis.uniroma1.it\/~becchett\/\">Luca Becchetti<\/a><\/li>\n\n\n\n<li class=\"\"><a href=\"http:\/\/www.lsi.upc.edu\/~abifet\/\">Albert Bifet<\/a><\/li>\n\n\n\n<li class=\"\"><a href=\"http:\/\/boldi.dsi.unimi.it\/\">Paolo Boldi<\/a><\/li>\n\n\n\n<li class=\"\"><a href=\"http:\/\/portal.acm.org\/author_page.cfm?id=81100305585\">Francesco Bonchi<\/a><\/li>\n\n\n\n<li class=\"\"><a href=\"http:\/\/www.lsi.upc.edu\/~gboleda\/\">Gemma Boleda<\/a><\/li>\n\n\n\n<li class=\"\"><a href=\"http:\/\/www.inf.ufrgs.br\/~buriol\/\">Luciana Buriol<\/a><\/li>\n\n\n\n<li class=\"\"><a href=\"http:\/\/www.iit.cnr.it\/staff\/marina.buzzi\/\">Marina Buzzi<\/a><\/li>\n\n\n\n<li class=\"\"><a href=\"http:\/\/olivier.chapelle.cc\/\">Olivier Chapelle<\/a> \u2020<\/li>\n\n\n\n<li class=\"\"><a href=\"http:\/\/research.microsoft.com\/en-us\/people\/weic\/\">Wei Chen<\/a><\/li>\n\n\n\n<li class=\"\"><a href=\"http:\/\/www.l3s.de\/~chirita\/\">Paul Chirita<\/a><\/li>\n\n\n\n<li class=\"\"><a href=\"http:\/\/ranger.uta.edu\/~gdas\/\">Gautam Das<\/a><\/li>\n\n\n\n<li class=\"\"><a href=\"http:\/\/gdfm.me\/\">Gianmarco de Francisci Morales<\/a><\/li>\n\n\n\n<li class=\"\"><a href=\"http:\/\/www.nickdiakopoulos.com\/\">Nick Diakopoulos<\/a><\/li>\n\n\n\n<li class=\"\"><a href=\"http:\/\/www.donade.net\/\">Debora Donato<\/a><\/li>\n\n\n\n<li class=\"\"><a href=\"http:\/\/efthi.ischool.uw.edu\/\">Efthimis Efthimiadis<\/a> \u2020<\/li>\n\n\n\n<li class=\"\"><a href=\"http:\/\/www.di.unipi.it\/~ferragin\/\">Paolo Ferragina<\/a><\/li>\n\n\n\n<li class=\"\"><a href=\"http:\/\/users.ics.aalto.fi\/kiran\/\">(Venkata Rama) Kiran Garimella<\/a><\/li>\n\n\n\n<li class=\"\"><a href=\"https:\/\/www.linkedin.com\/in\/anna-gatzioura\/\">Anna Gatzioura<\/a><\/li>\n\n\n\n<li class=\"\"><a href=\"http:\/\/www.cs.helsinki.fi\/u\/gionis\/\">Aristides Gionis<\/a><\/li>\n\n\n\n<li class=\"\"><a href=\"https:\/\/scholar.google.com\/citations?user=09PV4lsAAAAJ&amp;hl=en&amp;oi=ao\">Emilia Gomez<\/a><\/li>\n\n\n\n<li class=\"\"><a href=\"https:\/\/www.linkedin.com\/in\/sara-hajian\/\">Sara Hajian<\/a><\/li>\n\n\n\n<li class=\"\"><a href=\"https:\/\/www.upf.edu\/web\/davinia-hernandez-leo\">Davinia Hern\u00e1ndez-Leo<\/a><\/li>\n\n\n\n<li class=\"\"><a href=\"https:\/\/scholar.google.com\/citations?user=vZ-IffcAAAAJ&amp;hl=en&amp;oi=ao\">Corinna Hertweck<\/a><\/li>\n\n\n\n<li class=\"\"><a href=\"http:\/\/www.mimran.me\/\">Muhammad Imran<\/a><\/li>\n\n\n\n<li class=\"\"><a href=\"http:\/\/www.cs.ucsd.edu\/~flavio\/\">Flavio Junqueira<\/a><\/li>\n\n\n\n<li class=\"\"><a href=\"http:\/\/people.csail.mit.edu\/lkagal\/\">Lalana Kagal<\/a><\/li>\n\n\n\n<li class=\"\"><a href=\"http:\/\/www.cs.ubc.ca\/~laks\/\">Laks V. S. Lakshmanan<\/a><\/li>\n\n\n\n<li class=\"\"><a href=\"http:\/\/www.dcs.gla.ac.uk\/~mounia\/\">Mounia Lalmas<\/a><\/li>\n\n\n\n<li class=\"\"><a href=\"http:\/\/janette-lehmann.de\/\">Janette Lehmann<\/a><\/li>\n\n\n\n<li class=\"\"><a href=\"http:\/\/www.dis.uniroma1.it\/~leon\/\">Stefano Leonardi<\/a><\/li>\n\n\n\n<li class=\"\"><a href=\"http:\/\/www.barcelonamedia.org\/report\/remembering-vicente-lopez\">Vicente L\u00f3pez<\/a> \u2020<\/li>\n\n\n\n<li class=\"\"><a href=\"http:\/\/www.dcc.uchile.cl\/~mmarin\/\">Mauricio Marin<\/a><\/li>\n\n\n\n<li class=\"\"><a href=\"http:\/\/www.irevolution.net\/\">Patrick Meier<\/a><\/li>\n\n\n\n<li class=\"\"><a href=\"http:\/\/www.inf.utfsm.cl\/~mmendoza\/\">Marcelo Mendoza<\/a><\/li>\n\n\n\n<li class=\"\"><a href=\"https:\/\/sites.google.com\/site\/yelenamejova\/\">Yelena Mejova<\/a><\/li>\n\n\n\n<li class=\"\"><a href=\"https:\/\/www.chato.cl\/blog\/es\/2014\/01\/un_par_de_an_cdotas_con_rho.html\">Rodrigo Meza<\/a> \u2020<\/li>\n\n\n\n<li class=\"\"><a href=\"http:\/\/www.linkedin.com\/pub\/christian-middleton\/9\/a89\/a49\">Christian Middleton<\/a><\/li>\n\n\n\n<li class=\"\"><a href=\"http:\/\/www.informatik.uni-trier.de\/~ley\/db\/indices\/a-tree\/m\/Mishne:Gilad.html\">Gilad Mishne<\/a><\/li>\n\n\n\n<li class=\"\"><a href=\"http:\/\/www.cs.umass.edu\/~vanessa\/\">Vanessa Murdock<\/a><\/li>\n\n\n\n<li class=\"\"><a href=\"http:\/\/people.epfl.ch\/alexandra.olteanu\">Alexandra Olteanu<\/a><\/li>\n\n\n\n<li class=\"\"><a href=\"http:\/\/miles.isti.cnr.it\/~nardini\/\">Franco Maria Nardini<\/a><\/li>\n\n\n\n<li class=\"\"><a href=\"http:\/\/www.dsi.uniroma1.it\/~ale\/\">Alessandro Panconesi<\/a><\/li>\n\n\n\n<li class=\"\"><a href=\"http:\/\/www.mpi-sb.mpg.de\/~jparreir\/\">Josiane-Xavier Parreira<\/a><\/li>\n\n\n\n<li class=\"\"><a href=\"http:\/\/www.dcs.gla.ac.uk\/~vassilis\/\">Vassilis Plachouras<\/a><\/li>\n\n\n\n<li class=\"\"><a href=\"http:\/\/www.barbara.cl\/\">B\u00e1rbara Poblete<\/a><\/li>\n\n\n\n<li class=\"\"><a href=\"https:\/\/www.linkedin.com\/in\/manuchis\/\">Manuel Portela<\/a><\/li>\n\n\n\n<li class=\"\"><a href=\"http:\/\/cs-people.bu.edu\/mp\/\">Michalis Potamias<\/a><\/li>\n\n\n\n<li class=\"\"><a href=\"https:\/\/research.google.com\/pubs\/105491.html\">Julia Proskurnia<\/a><\/li>\n\n\n\n<li class=\"\"><a href=\"https:\/\/www.gmu.edu\/profiles\/hpurohit\">Hemant Purohit<\/a><\/li>\n\n\n\n<li class=\"\"><a href=\"http:\/\/www.inf.udec.cl\/~andrea\/\">Andrea Rodr\u00edguez<\/a><\/li>\n\n\n\n<li class=\"\"><a href=\"http:\/\/upf.academia.edu\/DiegoSaezTrumper\">Diego S\u00e1ez-Trumper<\/a><\/li>\n\n\n\n<li class=\"\"><a href=\"http:\/\/www.cs.yale.edu\/homes\/fs83\/\">Felipe Saint-Jean<\/a><\/li>\n\n\n\n<li class=\"\"><a href=\"https:\/\/py.linkedin.com\/in\/jorgesaldivargalli\">Jorge Saldivar<\/a><\/li>\n\n\n\n<li class=\"\"><a href=\"http:\/\/santini.dsi.unimi.it\/\">Massimo Santini<\/a><\/li>\n\n\n\n<li class=\"\"><a href=\"http:\/\/www.mattstempeck.com\/\">Matt Stempeck<\/a><\/li>\n\n\n\n<li class=\"\"><a href=\"http:\/\/www.pjwstk.edu.pl\/~msyd\/\">Marcin Sydow<\/a><\/li>\n\n\n\n<li class=\"\"><a href=\"https:\/\/www.linkedin.com\/in\/song%C3%BCl-tolan-758362150\/\">Song\u00fcl Tolan<\/a><\/li>\n\n\n\n<li class=\"\"><a href=\"http:\/\/works.bepress.com\/vieweg\/\">Sarah Vieweg<\/a><\/li>\n\n\n\n<li class=\"\"><a href=\"http:\/\/vigna.di.unimi.it\/\">Sebastiano Vigna<\/a><\/li>\n\n\n\n<li class=\"\"><a href=\"http:\/\/www.mpi-sb.mpg.de\/~iweber\/\">Ingmar Weber<\/a><\/li>\n\n\n\n<li class=\"\"><a href=\"http:\/\/www.mpi-sb.mpg.de\/~weikum\/\">Gerhard Weikum<\/a><\/li>\n\n\n\n<li class=\"\"><a href=\"http:\/\/www2.cs.uregina.ca\/~yyao\/\">Yiyu Yao<\/a><\/li>\n\n\n\n<li class=\"\"><a href=\"http:\/\/www.dcc.ufmg.br\/~nivio\/\">Nivio Ziviani<\/a><\/li>\n\n\n\n<li class=\"\"><a href=\"http:\/\/ethanzuckerman.com\/\">Ethan Zuckerman<\/a><\/li>\n\n\n\n<li class=\"\">&#8230;<\/li>\n<\/ul>\n<\/div>\n<\/div>\n","protected":false},"excerpt":{"rendered":"<p>You may want to check my research on algorithmic fairness and crisis informatics. Bio (in 3rd person, feel free to copy-paste) Very short version Carlos Castillo (they\/them) is an ICREA Research Professor at Universitat Pompeu Fabra in Barcelona, where they lead the Social and Responsible Computing research group. Their background is information retrieval, and currently [&hellip;]<\/p>\n","protected":false},"author":1,"featured_media":0,"parent":0,"menu_order":0,"comment_status":"closed","ping_status":"closed","template":"","meta":{"nf_dc_page":"","footnotes":""},"class_list":["post-58","page","type-page","status-publish","hentry"],"_links":{"self":[{"href":"https:\/\/chato.cl\/science\/wp-json\/wp\/v2\/pages\/58","targetHints":{"allow":["GET"]}}],"collection":[{"href":"https:\/\/chato.cl\/science\/wp-json\/wp\/v2\/pages"}],"about":[{"href":"https:\/\/chato.cl\/science\/wp-json\/wp\/v2\/types\/page"}],"author":[{"embeddable":true,"href":"https:\/\/chato.cl\/science\/wp-json\/wp\/v2\/users\/1"}],"replies":[{"embeddable":true,"href":"https:\/\/chato.cl\/science\/wp-json\/wp\/v2\/comments?post=58"}],"version-history":[{"count":5,"href":"https:\/\/chato.cl\/science\/wp-json\/wp\/v2\/pages\/58\/revisions"}],"predecessor-version":[{"id":551,"href":"https:\/\/chato.cl\/science\/wp-json\/wp\/v2\/pages\/58\/revisions\/551"}],"wp:attachment":[{"href":"https:\/\/chato.cl\/science\/wp-json\/wp\/v2\/media?parent=58"}],"curies":[{"name":"wp","href":"https:\/\/api.w.org\/{rel}","templated":true}]}}